{"id":19,"date":"2018-07-07T20:37:35","date_gmt":"2018-07-07T20:37:35","guid":{"rendered":"https:\/\/reitpension-heidehof.de\/?page_id=19"},"modified":"2020-12-26T19:16:26","modified_gmt":"2020-12-26T19:16:26","slug":"umgebung","status":"publish","type":"page","link":"https:\/\/reitpension-heidehof.de\/?page_id=19","title":{"rendered":"Umgebung"},"content":{"rendered":"\n<div class=\"wp-block-image wp-image-93\"><figure class=\"alignleft is-resized\"><img loading=\"lazy\" decoding=\"async\" src=\"https:\/\/reitpension-heidehof.de\/wp-content\/uploads\/2018\/08\/Lage-Fr\u00fchling-Reitpension-Heidehof-G\u00f6rzke-Hoher-Fl\u00e4ming-1-1024x768.jpg\" alt=\"\u00dcber die Koppeln hinweg sieht man das Dorf G\u00f6rzke im Hintergrund.\" class=\"wp-image-93\" width=\"672\" height=\"504\" srcset=\"https:\/\/reitpension-heidehof.de\/wp-content\/uploads\/2018\/08\/Lage-Fr\u00fchling-Reitpension-Heidehof-G\u00f6rzke-Hoher-Fl\u00e4ming-1-1024x768.jpg 1024w, https:\/\/reitpension-heidehof.de\/wp-content\/uploads\/2018\/08\/Lage-Fr\u00fchling-Reitpension-Heidehof-G\u00f6rzke-Hoher-Fl\u00e4ming-1-300x225.jpg 300w, https:\/\/reitpension-heidehof.de\/wp-content\/uploads\/2018\/08\/Lage-Fr\u00fchling-Reitpension-Heidehof-G\u00f6rzke-Hoher-Fl\u00e4ming-1-768x576.jpg 768w\" sizes=\"auto, (max-width: 672px) 100vw, 672px\" \/><figcaption>\u00dcber die Koppeln hinweg sieht man das Dorf G\u00f6rzke im Hintergrund.<\/figcaption><\/figure><\/div>\n\n\n\n<p>Der Heidehof liegt in der wundersch\u00f6nen Landschaft des Hohen Fl\u00e4mings, umgeben von sanften H\u00fcgeln und Kiefernw\u00e4ldern. Ca. einen Kilometer entfernt liegt G\u00f6rzke, das f\u00fcr seine T\u00f6pfereien bekannt ist.\u00a0 Des weiteren laden Burg Eisenhardt in Belzig, Burg Rabenstein in Raben und Schloss Wiesenburg zu einem Besuch ein.<\/p>\n\n\n\n<p><a href=\"https:\/\/reitpension-heidehof.de\/?page_id=196\" data-type=\"page\" data-id=\"196\">Tipps zu Ausflugszielen<\/a><\/p>\n\n\n\n<p><a href=\"https:\/\/reitpension-heidehof.de\/?page_id=193\" data-type=\"page\" data-id=\"193\">Touren mit dem Rad oder zu Fu\u00df<\/a><\/p>\n\n\n\n<p><a href=\"https:\/\/reitpension-heidehof.de\/?page_id=199\" data-type=\"page\" data-id=\"199\">Tipps zur Einkehr<\/a><\/p>\n","protected":false},"excerpt":{"rendered":"<p>Der Heidehof liegt in der wundersch\u00f6nen Landschaft des Hohen Fl\u00e4mings, umgeben von sanften H\u00fcgeln und Kiefernw\u00e4ldern. Ca. einen Kilometer entfernt liegt G\u00f6rzke, das f\u00fcr seine T\u00f6pfereien bekannt ist.\u00a0 Des weiteren laden Burg Eisenhardt in Belzig, Burg Rabenstein in Raben und Schloss Wiesenburg zu einem Besuch ein. Tipps zu Ausflugszielen Touren mit dem Rad oder zu <a class=\"read-more\" href=\"https:\/\/reitpension-heidehof.de\/?page_id=19\">Read More<\/a><\/p>\n","protected":false},"author":1,"featured_media":0,"parent":0,"menu_order":0,"comment_status":"closed","ping_status":"closed","template":"","meta":{"footnotes":""},"class_list":["post-19","page","type-page","status-publish","hentry"],"_links":{"self":[{"href":"https:\/\/reitpension-heidehof.de\/index.php?rest_route=\/wp\/v2\/pages\/19","targetHints":{"allow":["GET"]}}],"collection":[{"href":"https:\/\/reitpension-heidehof.de\/index.php?rest_route=\/wp\/v2\/pages"}],"about":[{"href":"https:\/\/reitpension-heidehof.de\/index.php?rest_route=\/wp\/v2\/types\/page"}],"author":[{"embeddable":true,"href":"https:\/\/reitpension-heidehof.de\/index.php?rest_route=\/wp\/v2\/users\/1"}],"replies":[{"embeddable":true,"href":"https:\/\/reitpension-heidehof.de\/index.php?rest_route=%2Fwp%2Fv2%2Fcomments&post=19"}],"version-history":[{"count":9,"href":"https:\/\/reitpension-heidehof.de\/index.php?rest_route=\/wp\/v2\/pages\/19\/revisions"}],"predecessor-version":[{"id":203,"href":"https:\/\/reitpension-heidehof.de\/index.php?rest_route=\/wp\/v2\/pages\/19\/revisions\/203"}],"wp:attachment":[{"href":"https:\/\/reitpension-heidehof.de\/index.php?rest_route=%2Fwp%2Fv2%2Fmedia&parent=19"}],"curies":[{"name":"wp","href":"https:\/\/api.w.org\/{rel}","templated":true}]}}