{"id":18,"date":"2018-07-07T20:37:35","date_gmt":"2018-07-07T20:37:35","guid":{"rendered":"https:\/\/reitpension-heidehof.de\/?page_id=18"},"modified":"2018-08-22T20:15:00","modified_gmt":"2018-08-22T20:15:00","slug":"pensionspferde","status":"publish","type":"page","link":"https:\/\/reitpension-heidehof.de\/?page_id=18","title":{"rendered":"Pensionspferde"},"content":{"rendered":"<p>Auch bieten wir Unterstellm\u00f6glichkeiten f\u00fcr Pensionspferde an. Alle Koppeln befinden sich in Hofn\u00e4he.<\/p>\n<p><strong>Preis:<\/strong> auf Anfrage<\/p>\n<p><strong>Leistungen:<\/strong><\/p>\n<ul>\n<li>Robusthaltung<\/li>\n<li>Reithallen-\/Reitplatznutzung<\/li>\n<\/ul>\n<p><img loading=\"lazy\" decoding=\"async\" class=\"alignleft wp-image-11\" src=\"https:\/\/reitpension-heidehof.de\/wp-content\/uploads\/2018\/07\/20180505_100310-300x225.jpg\" alt=\"\" width=\"451\" height=\"338\" srcset=\"https:\/\/reitpension-heidehof.de\/wp-content\/uploads\/2018\/07\/20180505_100310-300x225.jpg 300w, https:\/\/reitpension-heidehof.de\/wp-content\/uploads\/2018\/07\/20180505_100310-768x576.jpg 768w, https:\/\/reitpension-heidehof.de\/wp-content\/uploads\/2018\/07\/20180505_100310-1024x768.jpg 1024w\" sizes=\"auto, (max-width: 451px) 100vw, 451px\" \/><\/p>\n","protected":false},"excerpt":{"rendered":"<p>Auch bieten wir Unterstellm\u00f6glichkeiten f\u00fcr Pensionspferde an. Alle Koppeln befinden sich in Hofn\u00e4he. Preis: auf Anfrage Leistungen: Robusthaltung Reithallen-\/Reitplatznutzung<\/p>\n","protected":false},"author":1,"featured_media":0,"parent":0,"menu_order":0,"comment_status":"closed","ping_status":"closed","template":"","meta":{"footnotes":""},"class_list":["post-18","page","type-page","status-publish","hentry"],"_links":{"self":[{"href":"https:\/\/reitpension-heidehof.de\/index.php?rest_route=\/wp\/v2\/pages\/18","targetHints":{"allow":["GET"]}}],"collection":[{"href":"https:\/\/reitpension-heidehof.de\/index.php?rest_route=\/wp\/v2\/pages"}],"about":[{"href":"https:\/\/reitpension-heidehof.de\/index.php?rest_route=\/wp\/v2\/types\/page"}],"author":[{"embeddable":true,"href":"https:\/\/reitpension-heidehof.de\/index.php?rest_route=\/wp\/v2\/users\/1"}],"replies":[{"embeddable":true,"href":"https:\/\/reitpension-heidehof.de\/index.php?rest_route=%2Fwp%2Fv2%2Fcomments&post=18"}],"version-history":[{"count":5,"href":"https:\/\/reitpension-heidehof.de\/index.php?rest_route=\/wp\/v2\/pages\/18\/revisions"}],"predecessor-version":[{"id":103,"href":"https:\/\/reitpension-heidehof.de\/index.php?rest_route=\/wp\/v2\/pages\/18\/revisions\/103"}],"wp:attachment":[{"href":"https:\/\/reitpension-heidehof.de\/index.php?rest_route=%2Fwp%2Fv2%2Fmedia&parent=18"}],"curies":[{"name":"wp","href":"https:\/\/api.w.org\/{rel}","templated":true}]}}