{"id":14,"date":"2018-07-07T20:37:35","date_gmt":"2018-07-07T20:37:35","guid":{"rendered":"https:\/\/reitpension-heidehof.de\/?page_id=14"},"modified":"2026-02-17T20:34:39","modified_gmt":"2026-02-17T20:34:39","slug":"ueber-uns","status":"publish","type":"page","link":"https:\/\/reitpension-heidehof.de\/","title":{"rendered":"\u00dcber uns"},"content":{"rendered":"\n<p>Der Heidehof liegt etwa eineinhalb Autostunden von Berlin und Potsdam entfernt inmitten des Naturparks Hoher Fl\u00e4ming. Zehn Minuten zu Fu\u00df sind es bis ins idyllische T\u00f6pferdorf G\u00f6rzke. Der Heidehof steht seit vielen Jahren f\u00fcr Gastfreundschaft und Naturverbundenheit.<\/p>\n\n\n\n<p><strong>Wichtige Information:<br>Ab November 2026 bieten wir keine Reiterferien mehr an.<\/strong><\/p>\n\n\n\n<p>Unsere gem\u00fctlichen Zimmer stehen Ihnen selbstverst\u00e4ndlich weiterhin zur Verf\u00fcgung \u2013 k\u00fcnftig vermieten wir diese an:<\/p>\n\n\n\n<ul class=\"wp-block-list\">\n<li>Monteure<\/li>\n\n\n\n<li>Handwerker &amp; Arbeiter<\/li>\n\n\n\n<li>Urlaubsg\u00e4ste<\/li>\n\n\n\n<li>Gesch\u00e4ftsreisende<\/li>\n\n\n\n<li>Durchreisende<\/li>\n<\/ul>\n\n\n\n<p>Ob f\u00fcr einen l\u00e4ngeren Arbeitseinsatz, einen Kurzurlaub oder einen Zwischenstopp \u2013 bei uns finden Sie eine ruhige, famili\u00e4re Unterkunft mit angenehmer Atmosph\u00e4re.<\/p>\n\n\n\n<p>Was Sie bei uns erwartet<\/p>\n\n\n\n<p>&#x2714; Gem\u00fctliche Zimmer<br>&#x2714; Ruhige Lage im Gr\u00fcnen<br>&#x2714; Parkm\u00f6glichkeiten direkt am Haus<br>&#x2714; Flexible Buchungszeitr\u00e4ume<\/p>\n\n\n\n<p>Wir danken allen Reitg\u00e4sten und Familien, die uns \u00fcber die Jahre ihr Vertrauen geschenkt haben.<\/p>\n\n\n\n<p>F\u00fcr Anfragen und Buchungen stehen wir Ihnen jederzeit gerne zur Verf\u00fcgung.<\/p>\n","protected":false},"excerpt":{"rendered":"<p>Der Heidehof liegt etwa eineinhalb Autostunden von Berlin und Potsdam entfernt inmitten des Naturparks Hoher Fl\u00e4ming. Zehn Minuten zu Fu\u00df sind es bis ins idyllische T\u00f6pferdorf G\u00f6rzke. Der Heidehof steht seit vielen Jahren f\u00fcr Gastfreundschaft und Naturverbundenheit. Wichtige Information:Ab November 2026 bieten wir keine Reiterferien mehr an. Unsere gem\u00fctlichen Zimmer stehen Ihnen selbstverst\u00e4ndlich weiterhin zur <a class=\"read-more\" href=\"https:\/\/reitpension-heidehof.de\/\">Read More<\/a><\/p>\n","protected":false},"author":1,"featured_media":0,"parent":0,"menu_order":0,"comment_status":"closed","ping_status":"closed","template":"","meta":{"footnotes":""},"class_list":["post-14","page","type-page","status-publish","hentry"],"_links":{"self":[{"href":"https:\/\/reitpension-heidehof.de\/index.php?rest_route=\/wp\/v2\/pages\/14","targetHints":{"allow":["GET"]}}],"collection":[{"href":"https:\/\/reitpension-heidehof.de\/index.php?rest_route=\/wp\/v2\/pages"}],"about":[{"href":"https:\/\/reitpension-heidehof.de\/index.php?rest_route=\/wp\/v2\/types\/page"}],"author":[{"embeddable":true,"href":"https:\/\/reitpension-heidehof.de\/index.php?rest_route=\/wp\/v2\/users\/1"}],"replies":[{"embeddable":true,"href":"https:\/\/reitpension-heidehof.de\/index.php?rest_route=%2Fwp%2Fv2%2Fcomments&post=14"}],"version-history":[{"count":8,"href":"https:\/\/reitpension-heidehof.de\/index.php?rest_route=\/wp\/v2\/pages\/14\/revisions"}],"predecessor-version":[{"id":296,"href":"https:\/\/reitpension-heidehof.de\/index.php?rest_route=\/wp\/v2\/pages\/14\/revisions\/296"}],"wp:attachment":[{"href":"https:\/\/reitpension-heidehof.de\/index.php?rest_route=%2Fwp%2Fv2%2Fmedia&parent=14"}],"curies":[{"name":"wp","href":"https:\/\/api.w.org\/{rel}","templated":true}]}}